{"id":137,"date":"2023-09-21T14:56:35","date_gmt":"2023-09-21T12:56:35","guid":{"rendered":"https:\/\/www.nf1skintools.com\/?page_id=137"},"modified":"2023-10-13T14:00:29","modified_gmt":"2023-10-13T12:00:29","slug":"cookies","status":"publish","type":"page","link":"https:\/\/www.nf1skintools.com\/en\/cookies\/","title":{"rendered":"Cookies"},"content":{"rendered":"<div data-elementor-type=\"wp-page\" data-elementor-id=\"137\" class=\"elementor elementor-137\">\n\t\t\t\t<div class=\"elementor-element elementor-element-4e845cc e-flex e-con-boxed e-con e-parent\" data-id=\"4e845cc\" data-element_type=\"container\">\n\t\t\t\t\t<div class=\"e-con-inner\">\n\t\t\t\t<div class=\"elementor-element elementor-element-da42bcd elementor-widget elementor-widget-heading\" data-id=\"da42bcd\" data-element_type=\"widget\" data-widget_type=\"heading.default\">\n\t\t\t\t<div class=\"elementor-widget-container\">\n\t\t\t\t\t<h2 class=\"elementor-heading-title elementor-size-default\">Cookies<\/h2>\t\t\t\t<\/div>\n\t\t\t\t<\/div>\n\t\t\t\t<div class=\"elementor-element elementor-element-f37bfd9 elementor-widget elementor-widget-text-editor\" data-id=\"f37bfd9\" data-element_type=\"widget\" id=\"links-web\" data-widget_type=\"text-editor.default\">\n\t\t\t\t<div class=\"elementor-widget-container\">\n\t\t\t\t\t\t\t\t\t<p>The website <a href=\"https:\/\/www.nf1skintools.com\/en\/\">nf1skintools.fr<\/a> utilise des cookies \u00e0 des fins strictement internes, dans l&rsquo;unique but d&rsquo;am\u00e9liorer son fonctionnement et de fournir une exp\u00e9rience utilisateur optimale.<\/p><p>Nous ne faisons pas usage de cookies tiers ni de cookies de tra\u00e7age. Les cookies que nous utilisons sont de nature purement technique et essentielle pour garantir le bon fonctionnement du site et de l&rsquo;\u00e9tude Nef-ASI .<\/p><p>Les donn\u00e9es \u00e0 caract\u00e8re personnel sont uniquement les e-mails des participants utilis\u00e9s pour la connexion ne permettant pas d&rsquo;identifier directement l&rsquo;utilisateur.<\/p><p>En naviguant sur ce site, vous consentez de fait \u00e0 l&rsquo;utilisation de ces cookies internes. Vous avez la possibilit\u00e9 de g\u00e9rer ou de supprimer ces cookies en modifiant les param\u00e8tres de votre navigateur web. Cependant, veuillez noter que la d\u00e9sactivation de certains cookies peut affecter la fonctionnalit\u00e9 du site et donc votre participation \u00e0 l&rsquo;\u00e9tude Nef-ASI .<\/p><ul><li>Find out more: <a href=\"https:\/\/fr.wikipedia.org\/wiki\/Cookie_(informatique)\" target=\"_blank\" rel=\"noopener\">Cookie article \/ Wikipedia<\/a><\/li><li>Related: view the pages <a href=\"https:\/\/www.nf1skintools.com\/en\/mentions-legales\/\">Legal notices<\/a> et <a href=\"https:\/\/www.nf1skintools.com\/en\/rgpd\/\">General Data Protection Regulation (GDPR)<\/a><\/li><\/ul>\t\t\t\t\t\t\t\t<\/div>\n\t\t\t\t<\/div>\n\t\t\t\t\t<\/div>\n\t\t\t\t<\/div>\n\t\t\t\t<\/div>","protected":false},"excerpt":{"rendered":"<p>Cookies Le site web nf1skintools.fr utilise des cookies \u00e0 des fins strictement internes, dans l&rsquo;unique but d&rsquo;am\u00e9liorer son fonctionnement et de fournir une exp\u00e9rience utilisateur optimale. Nous ne faisons pas usage de cookies tiers ni de cookies de tra\u00e7age. Les cookies que nous utilisons sont de nature purement technique et essentielle pour garantir le bon&hellip;&nbsp;<a href=\"https:\/\/www.nf1skintools.com\/en\/cookies\/\" rel=\"bookmark\">Read More &raquo;<span class=\"screen-reader-text\">Cookies<\/span><\/a><\/p>","protected":false},"author":1,"featured_media":0,"parent":0,"menu_order":0,"comment_status":"closed","ping_status":"closed","template":"","meta":{"_acf_changed":false,"neve_meta_sidebar":"","neve_meta_container":"","neve_meta_enable_content_width":"off","neve_meta_content_width":100,"neve_meta_title_alignment":"","neve_meta_author_avatar":"","neve_post_elements_order":"","neve_meta_disable_header":"","neve_meta_disable_footer":"","neve_meta_disable_title":"","neve_meta_reading_time":"","nv_restrict_types":{"user_id":"no","user_role":"no","password":"no"},"nv_restrict_user_ids":[],"nv_restrict_user_roles":[],"nv_restrict_password":"","footnotes":""},"class_list":["post-137","page","type-page","status-publish","hentry"],"acf":[],"_links":{"self":[{"href":"https:\/\/www.nf1skintools.com\/en\/wp-json\/wp\/v2\/pages\/137","targetHints":{"allow":["GET"]}}],"collection":[{"href":"https:\/\/www.nf1skintools.com\/en\/wp-json\/wp\/v2\/pages"}],"about":[{"href":"https:\/\/www.nf1skintools.com\/en\/wp-json\/wp\/v2\/types\/page"}],"author":[{"embeddable":true,"href":"https:\/\/www.nf1skintools.com\/en\/wp-json\/wp\/v2\/users\/1"}],"replies":[{"embeddable":true,"href":"https:\/\/www.nf1skintools.com\/en\/wp-json\/wp\/v2\/comments?post=137"}],"version-history":[{"count":0,"href":"https:\/\/www.nf1skintools.com\/en\/wp-json\/wp\/v2\/pages\/137\/revisions"}],"wp:attachment":[{"href":"https:\/\/www.nf1skintools.com\/en\/wp-json\/wp\/v2\/media?parent=137"}],"curies":[{"name":"wp","href":"https:\/\/api.w.org\/{rel}","templated":true}]}}