{"id":135,"date":"2023-09-21T14:56:23","date_gmt":"2023-09-21T12:56:23","guid":{"rendered":"https:\/\/www.nf1skintools.com\/?page_id=135"},"modified":"2023-10-16T14:45:20","modified_gmt":"2023-10-16T12:45:20","slug":"mentions-legales","status":"publish","type":"page","link":"https:\/\/www.nf1skintools.com\/en\/mentions-legales\/","title":{"rendered":"Legal notices"},"content":{"rendered":"<div data-elementor-type=\"wp-page\" data-elementor-id=\"135\" class=\"elementor elementor-135\">\n\t\t\t\t<div class=\"elementor-element elementor-element-79348f1 e-flex e-con-boxed e-con e-parent\" data-id=\"79348f1\" data-element_type=\"container\">\n\t\t\t\t\t<div class=\"e-con-inner\">\n\t\t\t\t<div class=\"elementor-element elementor-element-a6f6c12 elementor-widget elementor-widget-heading\" data-id=\"a6f6c12\" data-element_type=\"widget\" data-widget_type=\"heading.default\">\n\t\t\t\t<div class=\"elementor-widget-container\">\n\t\t\t\t\t<h2 class=\"elementor-heading-title elementor-size-default\">Legal notices<\/h2>\t\t\t\t<\/div>\n\t\t\t\t<\/div>\n\t\t\t\t<div class=\"elementor-element elementor-element-b25ba93 elementor-widget elementor-widget-text-editor\" data-id=\"b25ba93\" data-element_type=\"widget\" id=\"links-web\" data-widget_type=\"text-editor.default\">\n\t\t\t\t<div class=\"elementor-widget-container\">\n\t\t\t\t\t\t\t\t\t<p><strong>Edition<\/strong><\/p><p>The website <a href=\"https:\/\/www.nf1skintools.com\/en\/\">nf1skintools.fr<\/a> is a site published by the Referral Center for Neurofibromatoses in France (CERENEF).<\/p><p>Referral Centre for Neurofibromatosis France (CERENEF)<br \/>1 rue Gustave Eiffel<br \/>94000 Cr\u00e9teil<br \/>Tel.: +33 (1) 49 81 25 01<br \/>www.cerenef.org \u2013 E-mail  contact@cerenef.org<\/p><p>Date de mise en ligne : 16\/10\/2023.<\/p><p><strong>Coordination and editorial direction<br \/><\/strong><\/p><p>Professor Pierre Wolkenstein - E-mail: pierre.wolkenstein@aphp.fr<br \/>Doctor Laura Fertitta \u2013 E-mail: laura.fertitta@aphp.fr<\/p><p><strong>Hosting<br \/><\/strong><\/p><p><strong>Headquarters<\/strong><\/p><p>OVH<br \/>2 rue Kellermann<br \/>59100 Roubaix<br \/>France<br \/>T\u00e9l. : 10 07<br \/>E-mail : support@ovh.com<br \/><a href=\"https:\/\/www.ovhcloud.com\/fr\/\">www.ovhcloud.com<\/a><\/p><div><strong>Health Data Hosting (HDS)<\/strong><\/div><div><p>L&rsquo;h\u00e9bergeur est accr\u00e9dit\u00e9 sous <a href=\"https:\/\/www.nf1skintools.com\/wp-content\/uploads\/2023\/09\/HDS.pdf\" target=\"_blank\" rel=\"noopener\">certificate IS 676286<\/a> for HDS (ISO 27001).<\/p><p><strong>Copyrights<\/strong><\/p><p>The website <a href=\"https:\/\/www.nf1skintools.com\/en\/\">nf1skintools.fr<\/a> is protected by copyright. The use of all or part of it, particularly by reproduction or representation on any medium and by any means, for purposes other than personal and private use for non-commercial use is strictly prohibited without prior written authorization.<\/p><p><strong>Privacy policy<br \/><\/strong><\/p><p>View the pages:<\/p><ul><li><a href=\"https:\/\/www.nf1skintools.com\/en\/cookies\/\">Cookies<\/a><\/li><li><a href=\"https:\/\/www.nf1skintools.com\/en\/rgpd\/\">GDPR<\/a><\/li><\/ul><\/div>\t\t\t\t\t\t\t\t<\/div>\n\t\t\t\t<\/div>\n\t\t\t\t\t<\/div>\n\t\t\t\t<\/div>\n\t\t\t\t<\/div>","protected":false},"excerpt":{"rendered":"<p>Mentions l\u00e9gales \u00c9dition Le site nf1skintools.fr est un site \u00e9dit\u00e9 par le\u00a0 CEntre de REf\u00e9rence des NEurofibromatoses France (CERENEF). CEntre de REf\u00e9rence des NEurofibromatoses France (CERENEF)1 rue Gustave Eiffel94000 Cr\u00e9teilT\u00e9l. : 01 49 81 25 01www.cerenef.org &#8211; E-mail : contact@cerenef.org Date de mise en ligne : 16\/10\/2023. Coordination et direction de publication Professeur Pierre Wolkenstein&hellip;&nbsp;<a href=\"https:\/\/www.nf1skintools.com\/en\/mentions-legales\/\" rel=\"bookmark\">Read More &raquo;<span class=\"screen-reader-text\">Legal notices<\/span><\/a><\/p>","protected":false},"author":1,"featured_media":0,"parent":0,"menu_order":0,"comment_status":"closed","ping_status":"closed","template":"","meta":{"_acf_changed":false,"neve_meta_sidebar":"","neve_meta_container":"","neve_meta_enable_content_width":"off","neve_meta_content_width":100,"neve_meta_title_alignment":"","neve_meta_author_avatar":"","neve_post_elements_order":"","neve_meta_disable_header":"","neve_meta_disable_footer":"","neve_meta_disable_title":"","neve_meta_reading_time":"","nv_restrict_types":{"user_id":"no","user_role":"no","password":"no"},"nv_restrict_user_ids":[],"nv_restrict_user_roles":[],"nv_restrict_password":"","footnotes":""},"class_list":["post-135","page","type-page","status-publish","hentry"],"acf":[],"_links":{"self":[{"href":"https:\/\/www.nf1skintools.com\/en\/wp-json\/wp\/v2\/pages\/135","targetHints":{"allow":["GET"]}}],"collection":[{"href":"https:\/\/www.nf1skintools.com\/en\/wp-json\/wp\/v2\/pages"}],"about":[{"href":"https:\/\/www.nf1skintools.com\/en\/wp-json\/wp\/v2\/types\/page"}],"author":[{"embeddable":true,"href":"https:\/\/www.nf1skintools.com\/en\/wp-json\/wp\/v2\/users\/1"}],"replies":[{"embeddable":true,"href":"https:\/\/www.nf1skintools.com\/en\/wp-json\/wp\/v2\/comments?post=135"}],"version-history":[{"count":0,"href":"https:\/\/www.nf1skintools.com\/en\/wp-json\/wp\/v2\/pages\/135\/revisions"}],"wp:attachment":[{"href":"https:\/\/www.nf1skintools.com\/en\/wp-json\/wp\/v2\/media?parent=135"}],"curies":[{"name":"wp","href":"https:\/\/api.w.org\/{rel}","templated":true}]}}