{"id":133,"date":"2023-09-21T14:55:32","date_gmt":"2023-09-21T12:55:32","guid":{"rendered":"https:\/\/www.nf1skintools.com\/?page_id=133"},"modified":"2023-10-13T13:47:07","modified_gmt":"2023-10-13T11:47:07","slug":"rgpd","status":"publish","type":"page","link":"https:\/\/www.nf1skintools.com\/en\/rgpd\/","title":{"rendered":"GDPR"},"content":{"rendered":"<div data-elementor-type=\"wp-page\" data-elementor-id=\"133\" class=\"elementor elementor-133\">\n\t\t\t\t<div class=\"elementor-element elementor-element-ec33162 e-flex e-con-boxed e-con e-parent\" data-id=\"ec33162\" data-element_type=\"container\">\n\t\t\t\t\t<div class=\"e-con-inner\">\n\t\t\t\t<div class=\"elementor-element elementor-element-f462520 elementor-widget elementor-widget-heading\" data-id=\"f462520\" data-element_type=\"widget\" data-widget_type=\"heading.default\">\n\t\t\t\t<div class=\"elementor-widget-container\">\n\t\t\t\t\t<h2 class=\"elementor-heading-title elementor-size-default\">General Data Protection Regulation<\/h2>\t\t\t\t<\/div>\n\t\t\t\t<\/div>\n\t\t\t\t<div class=\"elementor-element elementor-element-debe1b2 elementor-widget elementor-widget-text-editor\" data-id=\"debe1b2\" data-element_type=\"widget\" id=\"links-web\" data-widget_type=\"text-editor.default\">\n\t\t\t\t<div class=\"elementor-widget-container\">\n\t\t\t\t\t\t\t\t\t<p>This page presents the essential information regarding the General Data Protection Regulation (GDPR) of April 27, 2016.<\/p><p><strong>Collected data<\/strong><\/p><p>Si vous acceptez de participer \u00e0 l&rsquo;\u00e9tude Nef-ASI , vous devrez vous connecter au site <a href=\"https:\/\/www.nf1skintools.com\/en\/\">nf1skintools.fr<\/a> avec votre e-mail qui sera aussi votre mot de passe. Seuls les utilisateurs pr\u00e9alablement enregistr\u00e9s par l&rsquo;administrateur du site pourront acc\u00e9der aux pages de l&rsquo;\u00e9tude. Vous devrez d&rsquo;abord r\u00e9pondre \u00e0 un court questionnaire anonyme comprenant des donn\u00e9es d\u00e9mographiques et professionnelles vous concernant.<\/p><p>Vous devrez ensuite \u00e9valuer 50 images gr\u00e2ce \u00e0 notre outil NeF-ASI dont le temps total n\u00e9cessaire estim\u00e9 est de maximum 1 heure, \u00e0 r\u00e9partir \u00e0 votre discr\u00e9tion dans un intervalle de maximum 7 jours. Les r\u00e9ponses s\u00e9lectionn\u00e9es ne pourront pas \u00eatre modifi\u00e9es \u00e0 post\u00e9riori. Vos r\u00e9ponses enregistr\u00e9es de fa\u00e7on \u00e0 ce que vous n&rsquo;ayez pas \u00e0 traiter la m\u00eame photo plusieurs fois. Cette \u00e9valuation sera r\u00e9p\u00e9t\u00e9e \u00e0 15 jours d\u2019intervalle.<\/p><p>Les e-mails utilisateurs et les r\u00e9ponses \u00e0 l&rsquo;\u00e9tude Nef-ASI sont stock\u00e9s dans 2 bases de donn\u00e9es diff\u00e9rentes.\u00a0<\/p><p>Un identifiant utilisateur num\u00e9rique (sans identification personnelle nominative directe) est g\u00e9n\u00e9r\u00e9 puis utilis\u00e9 pour l&rsquo;exploitation des r\u00e9sultats.<br \/>L\u2019enregistrement de vos r\u00e9ponses \u00e0 l&rsquo;\u00e9tude Nef-ASI ne contient aucune information permettant de vous identifier.<\/p><p><strong>Droit d&rsquo;acc\u00e8s et de rectification<\/strong><\/p><p>Vous disposez d\u2019un droit d\u2019acc\u00e8s, de rectification, d\u2019effacement et d\u2019opposition au traitement des donn\u00e9es couvertes par le secret professionnel utilis\u00e9es dans le cadre de cette recherche. Ces droits s\u2019exercent aupr\u00e8s du m\u00e9decin en charge de la recherche qui seul conna\u00eet votre identit\u00e9 lors de l&rsquo;invitation de participation \u00e0 l&rsquo;\u00e9tude Nef-ASI.<\/p><p>If you wish to object to the use of your data for this research, simply inform the physician responsible for the study.<\/p><ul><li>Via E-mail: laura.fertitta@aphp.fr <a href=\"mailto:laura.fertitta@aphp.fr\">laura.fertitta@aphp.fr<\/a><\/li><li>Or Postal mail: Dr Laura Fertitta, Department of dermatology, CHU Henri Mondor, 1 rue Gustave Eiffel, 94000 Cr\u00e9teil.<\/li><\/ul><p>Your decision will not be prejudiced and the data will be deleted.<\/p><p><strong>Note d&rsquo;informations<\/strong><\/p><p>Pour plus d&rsquo;informations sur l&rsquo;\u00e9tude Nef-ASI, nous vous invitons \u00e0 <a href=\"https:\/\/www.nf1skintools.com\/wp-content\/uploads\/2023\/09\/Nef_ASI_Information_En.pdf\" target=\"_blank\" rel=\"noopener\">download and read the information document<\/a><\/p><p><strong>Cookies<\/strong><\/p><p>The page <a href=\"https:\/\/www.nf1skintools.com\/en\/cookies\/\">Cookies<\/a> informe l&rsquo;utilisateur sur la liste des cookies utilis\u00e9s sur le site <a href=\"https:\/\/www.nf1skintools.com\/en\/\">nf1skintools.fr<\/a> ainsi que leur finalit\u00e9, conform\u00e9ment \u00e0 la l\u00e9gislation en vigueur.<\/p><p><strong>Embedded content from other websites<\/strong><\/p><p>Not applicable.<\/p><p><strong>Statistics and audience measurement<\/strong><\/p><p>Not applicable.<\/p><p><strong>Use and transmission of your personal data<\/strong><\/p><p>Not applicable.<\/p><p><strong>Third-party services transmitting data<\/strong><\/p><p>Not applicable.<\/p><p><strong>Automated marketing operations and\/or profiling using personal data<\/strong><\/p><p>Not applicable.<\/p>\t\t\t\t\t\t\t\t<\/div>\n\t\t\t\t<\/div>\n\t\t\t\t\t<\/div>\n\t\t\t\t<\/div>\n\t\t\t\t<\/div>","protected":false},"excerpt":{"rendered":"<p>R\u00e8glement G\u00e9n\u00e9ral sur la Protection des Donn\u00e9es Cette page pr\u00e9sente les informations essentielles relatives au R\u00e8glement G\u00e9n\u00e9ral sur la Protection des Donn\u00e9es (RGDP) du 27 avril 2016. Donn\u00e9es collect\u00e9es Si vous acceptez de participer \u00e0 l&rsquo;\u00e9tude Nef-ASI , vous devrez vous connecter au site nf1skintools.fr avec votre e-mail qui sera aussi votre mot de passe.&hellip;&nbsp;<a href=\"https:\/\/www.nf1skintools.com\/en\/rgpd\/\" rel=\"bookmark\">Read More &raquo;<span class=\"screen-reader-text\">GDPR<\/span><\/a><\/p>","protected":false},"author":1,"featured_media":0,"parent":0,"menu_order":0,"comment_status":"closed","ping_status":"closed","template":"","meta":{"_acf_changed":false,"neve_meta_sidebar":"","neve_meta_container":"","neve_meta_enable_content_width":"off","neve_meta_content_width":100,"neve_meta_title_alignment":"","neve_meta_author_avatar":"","neve_post_elements_order":"","neve_meta_disable_header":"","neve_meta_disable_footer":"","neve_meta_disable_title":"","neve_meta_reading_time":"","nv_restrict_types":{"user_id":"no","user_role":"no","password":"no"},"nv_restrict_user_ids":[],"nv_restrict_user_roles":[],"nv_restrict_password":"","footnotes":""},"class_list":["post-133","page","type-page","status-publish","hentry"],"acf":[],"_links":{"self":[{"href":"https:\/\/www.nf1skintools.com\/en\/wp-json\/wp\/v2\/pages\/133","targetHints":{"allow":["GET"]}}],"collection":[{"href":"https:\/\/www.nf1skintools.com\/en\/wp-json\/wp\/v2\/pages"}],"about":[{"href":"https:\/\/www.nf1skintools.com\/en\/wp-json\/wp\/v2\/types\/page"}],"author":[{"embeddable":true,"href":"https:\/\/www.nf1skintools.com\/en\/wp-json\/wp\/v2\/users\/1"}],"replies":[{"embeddable":true,"href":"https:\/\/www.nf1skintools.com\/en\/wp-json\/wp\/v2\/comments?post=133"}],"version-history":[{"count":0,"href":"https:\/\/www.nf1skintools.com\/en\/wp-json\/wp\/v2\/pages\/133\/revisions"}],"wp:attachment":[{"href":"https:\/\/www.nf1skintools.com\/en\/wp-json\/wp\/v2\/media?parent=133"}],"curies":[{"name":"wp","href":"https:\/\/api.w.org\/{rel}","templated":true}]}}